 {"id":695,"date":"2020-11-02T19:05:13","date_gmt":"2020-11-02T18:05:13","guid":{"rendered":"https:\/\/simratyogaworld.com\/programok\/?post_type=product&#038;p=695"},"modified":"2024-12-20T13:14:25","modified_gmt":"2024-12-20T12:14:25","slug":"balogh-bela-gyogyito-meditacio-dedikalt","status":"publish","type":"product","link":"https:\/\/simratyogaworld.com\/programok\/termek\/balogh-bela-gyogyito-meditacio-dedikalt\/","title":{"rendered":"Balogh B\u00e9la \u2013 Gy\u00f3gy\u00edt\u00f3 medit\u00e1ci\u00f3 \u2013 DEDIK\u00c1LT"},"content":{"rendered":"","protected":false},"excerpt":{"rendered":"<p>Els\u0151 sorban azoknak az olvas\u00f3knak aj\u00e1nlom, akik a lelki fejl\u0151d\u00e9s \u00fatj\u00e1t tudatosan \u00e9s kitart\u00f3an k\u00f6vetik. Bels\u0151 er\u0151forr\u00e1saink mozg\u00f3s\u00edt\u00e1s\u00e1ra alkalmas, nagy erej\u0171 medit\u00e1ci\u00f3k vannak a mell\u00e9kelt CD-n. A medit\u00e1ci\u00f3k egyike mintegy h\u00e1rom \u00e9vi rendszeres haszn\u00e1lat ut\u00e1n el\u0151hozhatja az el\u0151z\u0151 \u00e9letek eml\u00e9keit is.<\/p>\n","protected":false},"featured_media":696,"template":"","meta":{"_et_pb_use_builder":"","_et_pb_old_content":"","_et_gb_content_width":""},"product_brand":[],"product_cat":[24],"product_tag":[244,249],"class_list":{"0":"post-695","1":"product","2":"type-product","3":"status-publish","4":"has-post-thumbnail","6":"product_cat-konyvek","7":"product_tag-balogh-bela","8":"product_tag-gyogyito-meditacio","9":"post","11":"first","12":"instock","13":"sale","14":"taxable","15":"shipping-taxable","16":"purchasable","17":"product-type-simple"},"aioseo_notices":[],"_links":{"self":[{"href":"https:\/\/simratyogaworld.com\/programok\/wp-json\/wp\/v2\/product\/695","targetHints":{"allow":["GET"]}}],"collection":[{"href":"https:\/\/simratyogaworld.com\/programok\/wp-json\/wp\/v2\/product"}],"about":[{"href":"https:\/\/simratyogaworld.com\/programok\/wp-json\/wp\/v2\/types\/product"}],"wp:featuredmedia":[{"embeddable":true,"href":"https:\/\/simratyogaworld.com\/programok\/wp-json\/wp\/v2\/media\/696"}],"wp:attachment":[{"href":"https:\/\/simratyogaworld.com\/programok\/wp-json\/wp\/v2\/media?parent=695"}],"wp:term":[{"taxonomy":"product_brand","embeddable":true,"href":"https:\/\/simratyogaworld.com\/programok\/wp-json\/wp\/v2\/product_brand?post=695"},{"taxonomy":"product_cat","embeddable":true,"href":"https:\/\/simratyogaworld.com\/programok\/wp-json\/wp\/v2\/product_cat?post=695"},{"taxonomy":"product_tag","embeddable":true,"href":"https:\/\/simratyogaworld.com\/programok\/wp-json\/wp\/v2\/product_tag?post=695"}],"curies":[{"name":"wp","href":"https:\/\/api.w.org\/{rel}","templated":true}]}}