 {"id":689,"date":"2020-11-02T18:55:13","date_gmt":"2020-11-02T17:55:13","guid":{"rendered":"https:\/\/simratyogaworld.com\/programok\/?post_type=product&#038;p=689"},"modified":"2024-12-20T13:14:25","modified_gmt":"2024-12-20T12:14:25","slug":"balogh-bela-szabadulas-az-erzelmek-fogsagabol-dedikalt","status":"publish","type":"product","link":"https:\/\/simratyogaworld.com\/programok\/termek\/balogh-bela-szabadulas-az-erzelmek-fogsagabol-dedikalt\/","title":{"rendered":"Balogh B\u00e9la \u2013 Szabadul\u00e1s az \u00e9rzelmek fogs\u00e1g\u00e1b\u00f3l \u2013 DEDIK\u00c1LT"},"content":{"rendered":"","protected":false},"excerpt":{"rendered":"<p>Szerelmi b\u00e1nat, csal\u00f3d\u00e1s, gy\u00e1sz vagy v\u00e1ratlan anyagi vesztes\u00e9g olyan \u00e9rzelmi hull\u00e1mv\u00f6lgybe sodorhat, melynek hat\u00e1sa sokszor h\u00f3napokig, esetleg \u00e9vekig is eltart. Ha vannak is nyugodtabb \u00f3r\u00e1k, esetleg napok, a f\u00e1jdalom \u00fajra \u00e9s \u00fajra felt\u00f6r. N\u00e9ha egy sz\u00f3, egy eml\u00e9k vagy egy illat is elegend\u0151 ahhoz, hogy eleredjenek a k\u00f6nnyeid, vagy torkodat elkezdje fojtogatni a s\u00edr\u00e1s. Leh\u00faz\u00f3, f\u00e1j\u00f3 \u00e9rzelmek \u00e9s szomor\u00fa gondolatok komoly vesz\u00e9lyt jelentenek testi eg\u00e9szs\u00e9gedre, ez\u00e9rt j\u00f3 volna ebb\u0151l a hull\u00e1mv\u00f6lgyb\u0151l miel\u0151bb kiker\u00fclni, \u00e9s \u00fajra megtal\u00e1lni a bels\u0151 harm\u00f3ni\u00e1t \u00e9s egyens\u00falyt. Egy kis seg\u00edts\u00e9ggel ezt ak\u00e1r h\u00e1rom h\u00e9t alatt is el\u00e9rheted. A mell\u00e9kelt CD feloldhatja minden f\u00e9lelmedet, s\u0151t, el\u0151z\u0151 \u00e9leteid eml\u00e9keihez is hozz\u00e1seg\u00edthet.2990<\/p>\n","protected":false},"featured_media":690,"template":"","meta":{"_et_pb_use_builder":"","_et_pb_old_content":"","_et_gb_content_width":""},"product_brand":[],"product_cat":[24],"product_tag":[244,247],"class_list":{"0":"post-689","1":"product","2":"type-product","3":"status-publish","4":"has-post-thumbnail","6":"product_cat-konyvek","7":"product_tag-balogh-bela","8":"product_tag-szabadulas-az-erzelmek-fogsagabol","9":"post","11":"first","12":"instock","13":"sale","14":"taxable","15":"shipping-taxable","16":"purchasable","17":"product-type-simple"},"aioseo_notices":[],"_links":{"self":[{"href":"https:\/\/simratyogaworld.com\/programok\/wp-json\/wp\/v2\/product\/689","targetHints":{"allow":["GET"]}}],"collection":[{"href":"https:\/\/simratyogaworld.com\/programok\/wp-json\/wp\/v2\/product"}],"about":[{"href":"https:\/\/simratyogaworld.com\/programok\/wp-json\/wp\/v2\/types\/product"}],"wp:featuredmedia":[{"embeddable":true,"href":"https:\/\/simratyogaworld.com\/programok\/wp-json\/wp\/v2\/media\/690"}],"wp:attachment":[{"href":"https:\/\/simratyogaworld.com\/programok\/wp-json\/wp\/v2\/media?parent=689"}],"wp:term":[{"taxonomy":"product_brand","embeddable":true,"href":"https:\/\/simratyogaworld.com\/programok\/wp-json\/wp\/v2\/product_brand?post=689"},{"taxonomy":"product_cat","embeddable":true,"href":"https:\/\/simratyogaworld.com\/programok\/wp-json\/wp\/v2\/product_cat?post=689"},{"taxonomy":"product_tag","embeddable":true,"href":"https:\/\/simratyogaworld.com\/programok\/wp-json\/wp\/v2\/product_tag?post=689"}],"curies":[{"name":"wp","href":"https:\/\/api.w.org\/{rel}","templated":true}]}}