 {"id":686,"date":"2020-11-02T18:48:49","date_gmt":"2020-11-02T17:48:49","guid":{"rendered":"https:\/\/simratyogaworld.com\/programok\/?post_type=product&#038;p=686"},"modified":"2024-12-20T13:14:25","modified_gmt":"2024-12-20T12:14:25","slug":"balogh-bela-elkezdodott-dedikalt","status":"publish","type":"product","link":"https:\/\/simratyogaworld.com\/programok\/termek\/balogh-bela-elkezdodott-dedikalt\/","title":{"rendered":"Balogh B\u00e9la \u2013 Elkezd\u0151d\u00f6tt\u2026 \u2013 DEDIK\u00c1LT"},"content":{"rendered":"","protected":false},"excerpt":{"rendered":"<div class=\"woocommerce-product-details__short-description\">\n<p>\u201e\u00daj korszak k\u00fcsz\u00f6b\u00e9n \u00e1llunk. Vannak, akik m\u00e1r r\u00e9gen v\u00e1rj\u00e1k, vannak, akiket retteg\u00e9ssel t\u00f6lt el, \u00e9s vannak olyan t\u00e1rsaink is, akik a m\u00e1r bek\u00f6vetkezett v\u00e1ltoz\u00e1sokb\u00f3l alig vettek \u00e9szre valamit, s\u0151t, j\u00f6v\u0151k\u00e9ppel is csak korl\u00e1tozott m\u00e9rt\u00e9kben rendelkeznek\u2026 Az emberek t\u00f6bbs\u00e9ge azonban nyugtalan, \u00e9s \u2013 mik\u00f6zben \u00e9let\u00e9t mindenki csak az \u00f6r\u00f6k MOST-ban \u00e9lheti \u2013 gondolatban el\u0151re-h\u00e1tra szaladg\u00e1l az id\u0151ben, kutatja, keresi, hogy val\u00f3j\u00e1ban mi az, ami volt (gondolok itt a torz\u00edt\u00e1smentes t\u00f6rt\u00e9nelmi esem\u00e9nyekre), \u00e9s \u2013 f\u0151leg \u2013 mi az, ami fel\u00e9 haladunk?\u201d<\/p>\n<\/div>\n<form class=\"cart\" action=\"https:\/\/baloghbela.hu\/termek\/balogh-bela-elkezdodott-dedikalt\/\" enctype=\"multipart\/form-data\" method=\"post\">\n<div class=\"quantity\"><\/div>\n<\/form>\n","protected":false},"featured_media":687,"template":"","meta":{"_et_pb_use_builder":"","_et_pb_old_content":"","_et_gb_content_width":""},"product_brand":[],"product_cat":[24],"product_tag":[244,427],"class_list":{"0":"post-686","1":"product","2":"type-product","3":"status-publish","4":"has-post-thumbnail","6":"product_cat-konyvek","7":"product_tag-balogh-bela","8":"product_tag-elkezdodott","9":"post","11":"first","12":"instock","13":"sale","14":"taxable","15":"shipping-taxable","16":"purchasable","17":"product-type-simple"},"aioseo_notices":[],"_links":{"self":[{"href":"https:\/\/simratyogaworld.com\/programok\/wp-json\/wp\/v2\/product\/686","targetHints":{"allow":["GET"]}}],"collection":[{"href":"https:\/\/simratyogaworld.com\/programok\/wp-json\/wp\/v2\/product"}],"about":[{"href":"https:\/\/simratyogaworld.com\/programok\/wp-json\/wp\/v2\/types\/product"}],"wp:featuredmedia":[{"embeddable":true,"href":"https:\/\/simratyogaworld.com\/programok\/wp-json\/wp\/v2\/media\/687"}],"wp:attachment":[{"href":"https:\/\/simratyogaworld.com\/programok\/wp-json\/wp\/v2\/media?parent=686"}],"wp:term":[{"taxonomy":"product_brand","embeddable":true,"href":"https:\/\/simratyogaworld.com\/programok\/wp-json\/wp\/v2\/product_brand?post=686"},{"taxonomy":"product_cat","embeddable":true,"href":"https:\/\/simratyogaworld.com\/programok\/wp-json\/wp\/v2\/product_cat?post=686"},{"taxonomy":"product_tag","embeddable":true,"href":"https:\/\/simratyogaworld.com\/programok\/wp-json\/wp\/v2\/product_tag?post=686"}],"curies":[{"name":"wp","href":"https:\/\/api.w.org\/{rel}","templated":true}]}}