 {"id":683,"date":"2020-11-02T18:42:49","date_gmt":"2020-11-02T17:42:49","guid":{"rendered":"https:\/\/simratyogaworld.com\/programok\/?post_type=product&#038;p=683"},"modified":"2024-12-20T13:14:25","modified_gmt":"2024-12-20T12:14:25","slug":"balogh-bela-a-tudatalatti-tizparancsolata-dedikalt","status":"publish","type":"product","link":"https:\/\/simratyogaworld.com\/programok\/termek\/balogh-bela-a-tudatalatti-tizparancsolata-dedikalt\/","title":{"rendered":"Balogh B\u00e9la \u2013 A tudatalatti t\u00edzparancsolata \u2013 DEDIK\u00c1LT"},"content":{"rendered":"","protected":false},"excerpt":{"rendered":"<div class=\"woocommerce-product-details__short-description\">\n<p>J\u00f3 sz\u00e1nd\u00e9kkal, pozit\u00edv gondolatokkal, nagy lend\u00fclettel \u00e9s sz\u00e9p rem\u00e9nyekkel hozz\u00e1kezd\u00fcnk valamihez, \u00e1m az eredm\u00e9ny messze elmarad elv\u00e1r\u00e1sainkt\u00f3l. A tudatos gondolkod\u00e1s \u00e9s d\u00f6nt\u00e9s, \u00fagy t\u0171nik, nem mindig seg\u00edt. A tudatalttiban rejl\u0151 \u201cprogramjaink\u201d gyakran kereszt\u00fclh\u00fazz\u00e1k sz\u00e1m\u00edt\u00e1sainkat. Ezeket a \u201cprogramokat\u201d azonban \u201cfel\u00fcl\u00edrhatjuk\u201d, ha megfelel\u0151 sz\u00e1m\u00fa alkalommal hallgatjuk meg az \u00fajat.<\/p>\n<\/div>\n<form class=\"cart\" action=\"https:\/\/baloghbela.hu\/termek\/balogh-bela-a-tudatalatti-tizparancsolata-dedikalt\/\" enctype=\"multipart\/form-data\" method=\"post\"><\/form>\n","protected":false},"featured_media":684,"template":"","meta":{"_et_pb_use_builder":"","_et_pb_old_content":"","_et_gb_content_width":""},"product_brand":[],"product_cat":[24],"product_tag":[244,246],"class_list":{"0":"post-683","1":"product","2":"type-product","3":"status-publish","4":"has-post-thumbnail","6":"product_cat-konyvek","7":"product_tag-balogh-bela","8":"product_tag-tudatalatti","9":"post","11":"first","12":"instock","13":"sale","14":"taxable","15":"shipping-taxable","16":"purchasable","17":"product-type-simple"},"aioseo_notices":[],"_links":{"self":[{"href":"https:\/\/simratyogaworld.com\/programok\/wp-json\/wp\/v2\/product\/683","targetHints":{"allow":["GET"]}}],"collection":[{"href":"https:\/\/simratyogaworld.com\/programok\/wp-json\/wp\/v2\/product"}],"about":[{"href":"https:\/\/simratyogaworld.com\/programok\/wp-json\/wp\/v2\/types\/product"}],"wp:featuredmedia":[{"embeddable":true,"href":"https:\/\/simratyogaworld.com\/programok\/wp-json\/wp\/v2\/media\/684"}],"wp:attachment":[{"href":"https:\/\/simratyogaworld.com\/programok\/wp-json\/wp\/v2\/media?parent=683"}],"wp:term":[{"taxonomy":"product_brand","embeddable":true,"href":"https:\/\/simratyogaworld.com\/programok\/wp-json\/wp\/v2\/product_brand?post=683"},{"taxonomy":"product_cat","embeddable":true,"href":"https:\/\/simratyogaworld.com\/programok\/wp-json\/wp\/v2\/product_cat?post=683"},{"taxonomy":"product_tag","embeddable":true,"href":"https:\/\/simratyogaworld.com\/programok\/wp-json\/wp\/v2\/product_tag?post=683"}],"curies":[{"name":"wp","href":"https:\/\/api.w.org\/{rel}","templated":true}]}}