 {"id":676,"date":"2020-11-02T18:35:13","date_gmt":"2020-11-02T17:35:13","guid":{"rendered":"https:\/\/simratyogaworld.com\/programok\/?post_type=product&#038;p=676"},"modified":"2024-12-20T13:14:25","modified_gmt":"2024-12-20T12:14:25","slug":"balogh-bela-a-vegso-valosag-tizedik-jubileumi-kiadas-dedikalt","status":"publish","type":"product","link":"https:\/\/simratyogaworld.com\/programok\/termek\/balogh-bela-a-vegso-valosag-tizedik-jubileumi-kiadas-dedikalt\/","title":{"rendered":"Balogh B\u00e9la \u2013 A v\u00e9gs\u0151 val\u00f3s\u00e1g \u2013 TIZEDIK, JUBILEUMI KIAD\u00c1S \u2013 DEDIK\u00c1LT"},"content":{"rendered":"","protected":false},"excerpt":{"rendered":"<p>Tudom\u00e1nyos eredm\u00e9nyeink, k\u00e9pess\u00e9geink \u00e9s \u00e9lm\u00e9nyeink fel\u00fclvizsg\u00e1lata ut\u00e1n tarthatatlann\u00e1 v\u00e1lik az elk\u00e9pzel\u00e9s, miszerint gondolatainkat az agy hozza l\u00e9tre, \u00e9s tarthatatlann\u00e1 v\u00e1lnak az evol\u00faci\u00f3 kezdeteir\u0151l alkotott felt\u00e9telez\u00e9sek is. A hal\u00e1l ut\u00e1ni, valamint a sz\u00fclet\u00e9s el\u0151tti \u00e9let lehet\u0151s\u00e9ge m\u00e1r nem hit k\u00e9rd\u00e9se, hanem fizikai t\u00f6rv\u00e9nyszer\u0171s\u00e9g. Megd\u00f6bbent\u0151en \u00faj vil\u00e1gk\u00e9p ez, ami a l\u00e9ttel kapcsolatos k\u00e9rd\u00e9seink t\u00f6bbs\u00e9g\u00e9re v\u00e1laszt adhat.<\/p>\n","protected":false},"featured_media":951,"template":"","meta":{"_et_pb_use_builder":"","_et_pb_old_content":"","_et_gb_content_width":""},"product_brand":[],"product_cat":[24],"product_tag":[244,245],"class_list":{"0":"post-676","1":"product","2":"type-product","3":"status-publish","4":"has-post-thumbnail","6":"product_cat-konyvek","7":"product_tag-balogh-bela","8":"product_tag-vegso-valosag","9":"post","11":"first","12":"instock","13":"sale","14":"purchasable","15":"product-type-simple"},"aioseo_notices":[],"_links":{"self":[{"href":"https:\/\/simratyogaworld.com\/programok\/wp-json\/wp\/v2\/product\/676","targetHints":{"allow":["GET"]}}],"collection":[{"href":"https:\/\/simratyogaworld.com\/programok\/wp-json\/wp\/v2\/product"}],"about":[{"href":"https:\/\/simratyogaworld.com\/programok\/wp-json\/wp\/v2\/types\/product"}],"wp:featuredmedia":[{"embeddable":true,"href":"https:\/\/simratyogaworld.com\/programok\/wp-json\/wp\/v2\/media\/951"}],"wp:attachment":[{"href":"https:\/\/simratyogaworld.com\/programok\/wp-json\/wp\/v2\/media?parent=676"}],"wp:term":[{"taxonomy":"product_brand","embeddable":true,"href":"https:\/\/simratyogaworld.com\/programok\/wp-json\/wp\/v2\/product_brand?post=676"},{"taxonomy":"product_cat","embeddable":true,"href":"https:\/\/simratyogaworld.com\/programok\/wp-json\/wp\/v2\/product_cat?post=676"},{"taxonomy":"product_tag","embeddable":true,"href":"https:\/\/simratyogaworld.com\/programok\/wp-json\/wp\/v2\/product_tag?post=676"}],"curies":[{"name":"wp","href":"https:\/\/api.w.org\/{rel}","templated":true}]}}